{"id":13539,"date":"2024-04-27T02:02:27","date_gmt":"2024-04-27T01:02:27","guid":{"rendered":"https:\/\/sparkes.pt\/produto\/crown-wheel-pinion-18-61-bolt\/"},"modified":"2024-04-27T02:02:27","modified_gmt":"2024-04-27T01:02:27","slug":"crown-wheel-pinion-18-61-bolt","status":"publish","type":"product","link":"https:\/\/sparkes.pt\/es\/product\/crown-wheel-pinion-18-61-bolt\/","title":{"rendered":"Crown wheel &amp; pinion, 18 \/ 61 + BOLT"},"content":{"rendered":"<div class=\"translation-block\">\n<p>Estas piezas no son originales sino intercambiales con las del O.E.M. Todos los nombres, n\u00fameros, s\u00edmbolos, descripciones, im\u00e1genes fotogr\u00e1ficas y copias digitales de las im\u00e1genes fotogr\u00e1ficas de los fabricantes de equipos originales se utilizan \u00fanicamente con fines de referencia.<\/p>\n<\/div>","protected":false},"excerpt":{"rendered":"<div class=\"translation-block\">\n<p>Eje y Corona 61:18 Con Tornillos.  V.A.G.  02J<\/p>\n<p>Consulte la tabla de compatibilidad para obtener m\u00e1s informaci\u00f3n.<\/p>\n<\/div>","protected":false},"featured_media":13538,"template":"","meta":[],"product_cat":[5669],"product_tag":[],"class_list":["post-13539","product","type-product","status-publish","has-post-thumbnail","hentry","product_cat-roda-de-coroa"],"_links":{"self":[{"href":"https:\/\/sparkes.pt\/es\/wp-json\/wp\/v2\/product\/13539","targetHints":{"allow":["GET"]}}],"collection":[{"href":"https:\/\/sparkes.pt\/es\/wp-json\/wp\/v2\/product"}],"about":[{"href":"https:\/\/sparkes.pt\/es\/wp-json\/wp\/v2\/types\/product"}],"version-history":[{"count":0,"href":"https:\/\/sparkes.pt\/es\/wp-json\/wp\/v2\/product\/13539\/revisions"}],"wp:featuredmedia":[{"embeddable":true,"href":"https:\/\/sparkes.pt\/es\/wp-json\/wp\/v2\/media\/13538"}],"wp:attachment":[{"href":"https:\/\/sparkes.pt\/es\/wp-json\/wp\/v2\/media?parent=13539"}],"wp:term":[{"taxonomy":"product_cat","embeddable":true,"href":"https:\/\/sparkes.pt\/es\/wp-json\/wp\/v2\/product_cat?post=13539"},{"taxonomy":"product_tag","embeddable":true,"href":"https:\/\/sparkes.pt\/es\/wp-json\/wp\/v2\/product_tag?post=13539"}],"curies":[{"name":"wp","href":"https:\/\/api.w.org\/{rel}","templated":true}]}}