{"id":13532,"date":"2024-04-25T02:15:48","date_gmt":"2024-04-25T01:15:48","guid":{"rendered":"https:\/\/sparkes.pt\/produto\/shaft-16-39-33-3\/"},"modified":"2024-04-25T02:15:48","modified_gmt":"2024-04-25T01:15:48","slug":"shaft-16-39-33-3","status":"publish","type":"product","link":"https:\/\/sparkes.pt\/es\/product\/shaft-16-39-33-3\/","title":{"rendered":"Shaft, 16 &#8211; 39 &#8211; 33"},"content":{"rendered":"<div class=\"translation-block\">\n<p>Estas piezas no son originales sino intercambiables con las del O.E.M. Todos los nombres, n\u00fameros, s\u00edmbolos, descripciones, im\u00e1genes fotogr\u00e1ficas y copias digitales de las im\u00e1genes fotogr\u00e1ficas de los fabricantes de equipos originales se utilizan \u00fanicamente con fines de referencia.<\/p>\n<\/div>","protected":false},"excerpt":{"rendered":"<div class=\"translation-block\">\n<p>Pinh\u00e3o 16&#215;73 Upper Citroen-Peugeot-Fiat M40<br \/>Ver tabela de compatibilidades para obter mais informa\u00e7\u00f5es.<\/p>\n<\/div>","protected":false},"featured_media":13531,"template":"","meta":[],"product_cat":[5671],"product_tag":[],"class_list":["post-13532","product","type-product","status-publish","has-post-thumbnail","hentry","product_cat-veios"],"_links":{"self":[{"href":"https:\/\/sparkes.pt\/es\/wp-json\/wp\/v2\/product\/13532","targetHints":{"allow":["GET"]}}],"collection":[{"href":"https:\/\/sparkes.pt\/es\/wp-json\/wp\/v2\/product"}],"about":[{"href":"https:\/\/sparkes.pt\/es\/wp-json\/wp\/v2\/types\/product"}],"version-history":[{"count":0,"href":"https:\/\/sparkes.pt\/es\/wp-json\/wp\/v2\/product\/13532\/revisions"}],"wp:featuredmedia":[{"embeddable":true,"href":"https:\/\/sparkes.pt\/es\/wp-json\/wp\/v2\/media\/13531"}],"wp:attachment":[{"href":"https:\/\/sparkes.pt\/es\/wp-json\/wp\/v2\/media?parent=13532"}],"wp:term":[{"taxonomy":"product_cat","embeddable":true,"href":"https:\/\/sparkes.pt\/es\/wp-json\/wp\/v2\/product_cat?post=13532"},{"taxonomy":"product_tag","embeddable":true,"href":"https:\/\/sparkes.pt\/es\/wp-json\/wp\/v2\/product_tag?post=13532"}],"curies":[{"name":"wp","href":"https:\/\/api.w.org\/{rel}","templated":true}]}}