{"id":13514,"date":"2024-04-25T02:13:32","date_gmt":"2024-04-25T01:13:32","guid":{"rendered":"https:\/\/sparkes.pt\/produto\/roda-de-coroa-7618\/"},"modified":"2025-06-07T02:11:06","modified_gmt":"2025-06-07T01:11:06","slug":"roda-de-coroa-7618","status":"publish","type":"product","link":"https:\/\/sparkes.pt\/es\/product\/roda-de-coroa-7618\/","title":{"rendered":"CORONA CILINDRICA 76:18"},"content":{"rendered":"<div class=\"translation-block\">\n<p>Estas piezas no son originales sino intercambiales con las del O.E.M. Todos los nombres, n\u00fameros, s\u00edmbolos, descripciones, im\u00e1genes fotogr\u00e1ficas y copias digitales de las im\u00e1genes fotogr\u00e1ficas de los fabricantes de equipos originales se utilizan \u00fanicamente con fines de referencia.<\/p>\n<\/div>","protected":false},"excerpt":{"rendered":"<div class=\"translation-block\">\n<p>CORONA CILINDRICA 76:18 Citroen - Peugeot - Fiat<br \/>Para Caja de Cambio M40<\/p>\n<p>Consulte la tabla de compatibilidad para obtener m\u00e1s informaci\u00f3n<\/p>\n<\/div>","protected":false},"featured_media":13513,"template":"","meta":[],"product_cat":[5669],"product_tag":[],"class_list":["post-13514","product","type-product","status-publish","has-post-thumbnail","hentry","product_cat-roda-de-coroa"],"_links":{"self":[{"href":"https:\/\/sparkes.pt\/es\/wp-json\/wp\/v2\/product\/13514","targetHints":{"allow":["GET"]}}],"collection":[{"href":"https:\/\/sparkes.pt\/es\/wp-json\/wp\/v2\/product"}],"about":[{"href":"https:\/\/sparkes.pt\/es\/wp-json\/wp\/v2\/types\/product"}],"version-history":[{"count":0,"href":"https:\/\/sparkes.pt\/es\/wp-json\/wp\/v2\/product\/13514\/revisions"}],"wp:featuredmedia":[{"embeddable":true,"href":"https:\/\/sparkes.pt\/es\/wp-json\/wp\/v2\/media\/13513"}],"wp:attachment":[{"href":"https:\/\/sparkes.pt\/es\/wp-json\/wp\/v2\/media?parent=13514"}],"wp:term":[{"taxonomy":"product_cat","embeddable":true,"href":"https:\/\/sparkes.pt\/es\/wp-json\/wp\/v2\/product_cat?post=13514"},{"taxonomy":"product_tag","embeddable":true,"href":"https:\/\/sparkes.pt\/es\/wp-json\/wp\/v2\/product_tag?post=13514"}],"curies":[{"name":"wp","href":"https:\/\/api.w.org\/{rel}","templated":true}]}}