{"id":13506,"date":"2024-04-25T02:12:38","date_gmt":"2024-04-25T01:12:38","guid":{"rendered":"https:\/\/sparkes.pt\/produto\/pinhao-16x73-lower\/"},"modified":"2025-10-15T02:14:13","modified_gmt":"2025-10-15T01:14:13","slug":"pinhao-16x73-lower","status":"publish","type":"product","link":"https:\/\/sparkes.pt\/es\/product\/pinhao-16x73-lower\/","title":{"rendered":"PINON CIL.16X73 LOWER"},"content":{"rendered":"<div class=\"translation-block\">\n<p>Estas piezas no son originales sino intercambiales con las del O.E.M. Todos los nombres, n\u00fameros, s\u00edmbolos, descripciones, im\u00e1genes fotogr\u00e1ficas y copias digitales de las im\u00e1genes fotogr\u00e1ficas de los fabricantes de equipos originales se utilizan \u00fanicamente con fines de referencia.<\/p>\n<\/div>","protected":false},"excerpt":{"rendered":"<div class=\"translation-block\">\n<p>Pinh\u00e3o 16&#215;73 Lower  Citroen-Peugeot-Fiat<br \/>Tipo de Caixa M40<\/p>\n<p>Ver tabela de compatibilidades para obter mais informa\u00e7\u00f5es<\/p>\n<\/div>","protected":false},"featured_media":13505,"template":"","meta":[],"product_cat":[5667],"product_tag":[],"class_list":["post-13506","product","type-product","status-publish","has-post-thumbnail","hentry","product_cat-pinhao"],"_links":{"self":[{"href":"https:\/\/sparkes.pt\/es\/wp-json\/wp\/v2\/product\/13506","targetHints":{"allow":["GET"]}}],"collection":[{"href":"https:\/\/sparkes.pt\/es\/wp-json\/wp\/v2\/product"}],"about":[{"href":"https:\/\/sparkes.pt\/es\/wp-json\/wp\/v2\/types\/product"}],"version-history":[{"count":0,"href":"https:\/\/sparkes.pt\/es\/wp-json\/wp\/v2\/product\/13506\/revisions"}],"wp:featuredmedia":[{"embeddable":true,"href":"https:\/\/sparkes.pt\/es\/wp-json\/wp\/v2\/media\/13505"}],"wp:attachment":[{"href":"https:\/\/sparkes.pt\/es\/wp-json\/wp\/v2\/media?parent=13506"}],"wp:term":[{"taxonomy":"product_cat","embeddable":true,"href":"https:\/\/sparkes.pt\/es\/wp-json\/wp\/v2\/product_cat?post=13506"},{"taxonomy":"product_tag","embeddable":true,"href":"https:\/\/sparkes.pt\/es\/wp-json\/wp\/v2\/product_tag?post=13506"}],"curies":[{"name":"wp","href":"https:\/\/api.w.org\/{rel}","templated":true}]}}