{"id":13472,"date":"2024-04-25T02:08:06","date_gmt":"2024-04-25T01:08:06","guid":{"rendered":"https:\/\/sparkes.pt\/produto\/gear-5th-42-46-t\/"},"modified":"2025-06-06T02:28:12","modified_gmt":"2025-06-06T01:28:12","slug":"gear-5th-42-46-t","status":"publish","type":"product","link":"https:\/\/sparkes.pt\/es\/product\/gear-5th-42-46-t\/","title":{"rendered":"GEAR 5TH 42-46 T"},"content":{"rendered":"<div class=\"translation-block\">\n<p>Estas piezas no son originales sino intercambiales con las del O.E.M. Todos los nombres, n\u00fameros, s\u00edmbolos, descripciones, im\u00e1genes fotogr\u00e1ficas y copias digitales de las im\u00e1genes fotogr\u00e1ficas de los fabricantes de equipos originales se utilizan \u00fanicamente con fines de referencia.<\/p>\n<\/div>","protected":false},"excerpt":{"rendered":"<div class=\"translation-block\">\n<p>Pi\u00f1on 5\u00aa 42 D.   V.A.G.  02Q \/ 02M<\/p>\n<p>Consulte la tabla de compatibilidad para obtener m\u00e1s informaci\u00f3n.<\/p>\n<\/div>","protected":false},"featured_media":13471,"template":"","meta":[],"product_cat":[5659],"product_tag":[],"class_list":["post-13472","product","type-product","status-publish","has-post-thumbnail","hentry","product_cat-carretos"],"_links":{"self":[{"href":"https:\/\/sparkes.pt\/es\/wp-json\/wp\/v2\/product\/13472","targetHints":{"allow":["GET"]}}],"collection":[{"href":"https:\/\/sparkes.pt\/es\/wp-json\/wp\/v2\/product"}],"about":[{"href":"https:\/\/sparkes.pt\/es\/wp-json\/wp\/v2\/types\/product"}],"version-history":[{"count":0,"href":"https:\/\/sparkes.pt\/es\/wp-json\/wp\/v2\/product\/13472\/revisions"}],"wp:featuredmedia":[{"embeddable":true,"href":"https:\/\/sparkes.pt\/es\/wp-json\/wp\/v2\/media\/13471"}],"wp:attachment":[{"href":"https:\/\/sparkes.pt\/es\/wp-json\/wp\/v2\/media?parent=13472"}],"wp:term":[{"taxonomy":"product_cat","embeddable":true,"href":"https:\/\/sparkes.pt\/es\/wp-json\/wp\/v2\/product_cat?post=13472"},{"taxonomy":"product_tag","embeddable":true,"href":"https:\/\/sparkes.pt\/es\/wp-json\/wp\/v2\/product_tag?post=13472"}],"curies":[{"name":"wp","href":"https:\/\/api.w.org\/{rel}","templated":true}]}}