{"id":13461,"date":"2024-04-25T02:07:03","date_gmt":"2024-04-25T01:07:03","guid":{"rendered":"https:\/\/sparkes.pt\/produto\/kit-carretos-5a-58x35-casquilho\/"},"modified":"2025-10-14T02:03:59","modified_gmt":"2025-10-14T01:03:59","slug":"kit-carretos-5a-58x35-casquilho","status":"publish","type":"product","link":"https:\/\/sparkes.pt\/es\/product\/kit-carretos-5a-58x35-casquilho\/","title":{"rendered":"Kit Carretos 5\u00aa 58&#215;35 + Casquilho"},"content":{"rendered":"<div class=\"translation-block\">\n<p>Estas piezas no son originales sino intercambiables con las del O.E.M. Todos los nombres, n\u00fameros, s\u00edmbolos, descripciones, im\u00e1genes fotogr\u00e1ficas y copias digitales de las im\u00e1genes fotogr\u00e1ficas de los fabricantes de equipos originales se utilizan \u00fanicamente con fines de referencia.<\/p>\n<\/div>","protected":false},"excerpt":{"rendered":"<div class=\"translation-block\">\n<p>Kit Carretos 5\u00aa 58&#215;35 + Casquilho      Peugeot M5GT<\/p>\n<p>Ver tabela de compatibilidades para mais informa\u00e7\u00f5es.<\/p>\n<\/div>","protected":false},"featured_media":13460,"template":"","meta":[],"product_cat":[5659],"product_tag":[],"class_list":["post-13461","product","type-product","status-publish","has-post-thumbnail","hentry","product_cat-carretos"],"_links":{"self":[{"href":"https:\/\/sparkes.pt\/es\/wp-json\/wp\/v2\/product\/13461","targetHints":{"allow":["GET"]}}],"collection":[{"href":"https:\/\/sparkes.pt\/es\/wp-json\/wp\/v2\/product"}],"about":[{"href":"https:\/\/sparkes.pt\/es\/wp-json\/wp\/v2\/types\/product"}],"version-history":[{"count":0,"href":"https:\/\/sparkes.pt\/es\/wp-json\/wp\/v2\/product\/13461\/revisions"}],"wp:featuredmedia":[{"embeddable":true,"href":"https:\/\/sparkes.pt\/es\/wp-json\/wp\/v2\/media\/13460"}],"wp:attachment":[{"href":"https:\/\/sparkes.pt\/es\/wp-json\/wp\/v2\/media?parent=13461"}],"wp:term":[{"taxonomy":"product_cat","embeddable":true,"href":"https:\/\/sparkes.pt\/es\/wp-json\/wp\/v2\/product_cat?post=13461"},{"taxonomy":"product_tag","embeddable":true,"href":"https:\/\/sparkes.pt\/es\/wp-json\/wp\/v2\/product_tag?post=13461"}],"curies":[{"name":"wp","href":"https:\/\/api.w.org\/{rel}","templated":true}]}}