{"id":13459,"date":"2024-04-25T02:06:46","date_gmt":"2024-04-25T01:06:46","guid":{"rendered":"https:\/\/sparkes.pt\/produto\/diff-pinion-10-t\/"},"modified":"2024-04-25T02:06:46","modified_gmt":"2024-04-25T01:06:46","slug":"diff-pinion-10-t","status":"publish","type":"product","link":"https:\/\/sparkes.pt\/es\/product\/diff-pinion-10-t\/","title":{"rendered":"Pinon Satelite 10D."},"content":{"rendered":"<div class=\"translation-block\">\n<p>Estas piezas no son originales sino intercambiales con las del O.E.M. Todos los nombres, n\u00fameros, s\u00edmbolos, descripciones, im\u00e1genes fotogr\u00e1ficas y copias digitales de las im\u00e1genes fotogr\u00e1ficas de los fabricantes de equipos originales se utilizan \u00fanicamente con fines de referencia.<\/p>\n<\/div>","protected":false},"excerpt":{"rendered":"<div class=\"translation-block\">\n<p>Pinon Satelite 10D.  FORD  DIFF<\/p>\n<p>Consulte la tabla de compatibilidad para obtener m\u00e1s informaci\u00f3n.<\/p>\n<\/div>","protected":false},"featured_media":13458,"template":"","meta":[],"product_cat":[5667],"product_tag":[],"class_list":["post-13459","product","type-product","status-publish","has-post-thumbnail","hentry","product_cat-pinhao"],"_links":{"self":[{"href":"https:\/\/sparkes.pt\/es\/wp-json\/wp\/v2\/product\/13459","targetHints":{"allow":["GET"]}}],"collection":[{"href":"https:\/\/sparkes.pt\/es\/wp-json\/wp\/v2\/product"}],"about":[{"href":"https:\/\/sparkes.pt\/es\/wp-json\/wp\/v2\/types\/product"}],"version-history":[{"count":0,"href":"https:\/\/sparkes.pt\/es\/wp-json\/wp\/v2\/product\/13459\/revisions"}],"wp:featuredmedia":[{"embeddable":true,"href":"https:\/\/sparkes.pt\/es\/wp-json\/wp\/v2\/media\/13458"}],"wp:attachment":[{"href":"https:\/\/sparkes.pt\/es\/wp-json\/wp\/v2\/media?parent=13459"}],"wp:term":[{"taxonomy":"product_cat","embeddable":true,"href":"https:\/\/sparkes.pt\/es\/wp-json\/wp\/v2\/product_cat?post=13459"},{"taxonomy":"product_tag","embeddable":true,"href":"https:\/\/sparkes.pt\/es\/wp-json\/wp\/v2\/product_tag?post=13459"}],"curies":[{"name":"wp","href":"https:\/\/api.w.org\/{rel}","templated":true}]}}