{"id":13451,"date":"2024-04-25T02:05:42","date_gmt":"2024-04-25T01:05:42","guid":{"rendered":"https:\/\/sparkes.pt\/produto\/carreto-3a-5a-43d\/"},"modified":"2024-04-25T02:05:42","modified_gmt":"2024-04-25T01:05:42","slug":"carreto-3a-5a-43d","status":"publish","type":"product","link":"https:\/\/sparkes.pt\/es\/product\/carreto-3a-5a-43d\/","title":{"rendered":"ENGRANAJE 3E-5A 43 D."},"content":{"rendered":"<div class=\"translation-block\">\n<p>Estas piezas no son originales sino intercambiales con las del O.E.M. Todos los nombres, n\u00fameros, s\u00edmbolos, descripciones, im\u00e1genes fotogr\u00e1ficas y copias digitales de las im\u00e1genes fotogr\u00e1ficas de los fabricantes de equipos originales se utilizan \u00fanicamente con fines de referencia.<\/p>\n<\/div>","protected":false},"excerpt":{"rendered":"<div class=\"translation-block\">\n<p>ENGRANAJE 3E-5A 43 D. Opel M32<\/p>\n<p>Consulte la tabla de compatibilidad para obtener m\u00e1s informaci\u00f3n.<\/p>\n<\/div>","protected":false},"featured_media":13450,"template":"","meta":[],"product_cat":[5659],"product_tag":[],"class_list":["post-13451","product","type-product","status-publish","has-post-thumbnail","hentry","product_cat-carretos"],"_links":{"self":[{"href":"https:\/\/sparkes.pt\/es\/wp-json\/wp\/v2\/product\/13451","targetHints":{"allow":["GET"]}}],"collection":[{"href":"https:\/\/sparkes.pt\/es\/wp-json\/wp\/v2\/product"}],"about":[{"href":"https:\/\/sparkes.pt\/es\/wp-json\/wp\/v2\/types\/product"}],"version-history":[{"count":0,"href":"https:\/\/sparkes.pt\/es\/wp-json\/wp\/v2\/product\/13451\/revisions"}],"wp:featuredmedia":[{"embeddable":true,"href":"https:\/\/sparkes.pt\/es\/wp-json\/wp\/v2\/media\/13450"}],"wp:attachment":[{"href":"https:\/\/sparkes.pt\/es\/wp-json\/wp\/v2\/media?parent=13451"}],"wp:term":[{"taxonomy":"product_cat","embeddable":true,"href":"https:\/\/sparkes.pt\/es\/wp-json\/wp\/v2\/product_cat?post=13451"},{"taxonomy":"product_tag","embeddable":true,"href":"https:\/\/sparkes.pt\/es\/wp-json\/wp\/v2\/product_tag?post=13451"}],"curies":[{"name":"wp","href":"https:\/\/api.w.org\/{rel}","templated":true}]}}