{"id":13056,"date":"2023-05-23T15:34:41","date_gmt":"2023-05-23T15:34:41","guid":{"rendered":"https:\/\/sparkes.pt\/produto\/pinion-14x75\/"},"modified":"2023-06-29T16:30:48","modified_gmt":"2023-06-29T15:30:48","slug":"pinion-14x75","status":"publish","type":"product","link":"https:\/\/sparkes.pt\/es\/product\/pinion-14x75\/","title":{"rendered":"EJE 14X75"},"content":{"rendered":"<div class=\"translation-block\">\n<p>Estas piezas no son originales sino intercambiales con las del O.E.M. Todos los nombres, n\u00fameros, s\u00edmbolos, descripciones, im\u00e1genes fotogr\u00e1ficas y copias digitales de las im\u00e1genes fotogr\u00e1ficas de los fabricantes de equipos originales se utilizan \u00fanicamente con fines de referencia.<\/p>\n<\/div>","protected":false},"excerpt":{"rendered":"<div class=\"translation-block\">\n<p>Pinh\u00e3o 14&#215;75  Citroen -Peugeot-Fiat<br \/>Tipo de Caixa ML6<\/p>\n<p>Ver tabela de compatibilidades para obter mais informa\u00e7\u00f5es.<\/p>\n<\/div>","protected":false},"featured_media":13055,"template":"","meta":[],"product_cat":[5667],"product_tag":[],"class_list":["post-13056","product","type-product","status-publish","has-post-thumbnail","hentry","product_cat-pinhao"],"_links":{"self":[{"href":"https:\/\/sparkes.pt\/es\/wp-json\/wp\/v2\/product\/13056","targetHints":{"allow":["GET"]}}],"collection":[{"href":"https:\/\/sparkes.pt\/es\/wp-json\/wp\/v2\/product"}],"about":[{"href":"https:\/\/sparkes.pt\/es\/wp-json\/wp\/v2\/types\/product"}],"version-history":[{"count":0,"href":"https:\/\/sparkes.pt\/es\/wp-json\/wp\/v2\/product\/13056\/revisions"}],"wp:featuredmedia":[{"embeddable":true,"href":"https:\/\/sparkes.pt\/es\/wp-json\/wp\/v2\/media\/13055"}],"wp:attachment":[{"href":"https:\/\/sparkes.pt\/es\/wp-json\/wp\/v2\/media?parent=13056"}],"wp:term":[{"taxonomy":"product_cat","embeddable":true,"href":"https:\/\/sparkes.pt\/es\/wp-json\/wp\/v2\/product_cat?post=13056"},{"taxonomy":"product_tag","embeddable":true,"href":"https:\/\/sparkes.pt\/es\/wp-json\/wp\/v2\/product_tag?post=13056"}],"curies":[{"name":"wp","href":"https:\/\/api.w.org\/{rel}","templated":true}]}}