{"id":12980,"date":"2023-05-23T15:31:29","date_gmt":"2023-05-23T15:31:29","guid":{"rendered":"https:\/\/sparkes.pt\/produto\/kit-gear-6th-37t-new\/"},"modified":"2023-06-29T16:28:53","modified_gmt":"2023-06-29T15:28:53","slug":"kit-gear-6th-37t-new","status":"publish","type":"product","link":"https:\/\/sparkes.pt\/es\/product\/kit-gear-6th-37t-new\/","title":{"rendered":"Kit Pi\u00f1on 6\u00aa 37 D."},"content":{"rendered":"<div class=\"translation-block\">\n<p>Estas piezas no son originales sino intercambiales con las del O.E.M. Todos los nombres, n\u00fameros, s\u00edmbolos, descripciones, im\u00e1genes fotogr\u00e1ficas y copias digitales de las im\u00e1genes fotogr\u00e1ficas de los fabricantes de equipos originales se utilizan \u00fanicamente con fines de referencia.<\/p>\n<\/div>","protected":false},"excerpt":{"rendered":"<div class=\"translation-block\">\n<p>Kit Pi\u00f1on 6\u00aa 37 D.  Citroen - Peugeot - Fiat<br \/>Caja de Cambio M40<\/p>\n<p>Consulte la tabla de compatibilidad para obtener m\u00e1s informaci\u00f3n.<\/p>\n<\/div>","protected":false},"featured_media":0,"template":"","meta":[],"product_cat":[5659],"product_tag":[],"class_list":["post-12980","product","type-product","status-publish","hentry","product_cat-carretos"],"_links":{"self":[{"href":"https:\/\/sparkes.pt\/es\/wp-json\/wp\/v2\/product\/12980","targetHints":{"allow":["GET"]}}],"collection":[{"href":"https:\/\/sparkes.pt\/es\/wp-json\/wp\/v2\/product"}],"about":[{"href":"https:\/\/sparkes.pt\/es\/wp-json\/wp\/v2\/types\/product"}],"version-history":[{"count":0,"href":"https:\/\/sparkes.pt\/es\/wp-json\/wp\/v2\/product\/12980\/revisions"}],"wp:attachment":[{"href":"https:\/\/sparkes.pt\/es\/wp-json\/wp\/v2\/media?parent=12980"}],"wp:term":[{"taxonomy":"product_cat","embeddable":true,"href":"https:\/\/sparkes.pt\/es\/wp-json\/wp\/v2\/product_cat?post=12980"},{"taxonomy":"product_tag","embeddable":true,"href":"https:\/\/sparkes.pt\/es\/wp-json\/wp\/v2\/product_tag?post=12980"}],"curies":[{"name":"wp","href":"https:\/\/api.w.org\/{rel}","templated":true}]}}