{"id":12947,"date":"2023-05-23T16:30:29","date_gmt":"2023-05-23T15:30:29","guid":{"rendered":"https:\/\/sparkes.pt\/produto\/input-shaft-23-t-2\/"},"modified":"2025-05-09T02:04:33","modified_gmt":"2025-05-09T01:04:33","slug":"input-shaft-23-t-2","status":"publish","type":"product","link":"https:\/\/sparkes.pt\/es\/product\/input-shaft-23-t-2\/","title":{"rendered":"Arbol de Entrada 23 D."},"content":{"rendered":"<div class=\"translation-block\">\n<p>Nuestras piezas no son originales sino intercambiales con las del O.E.M. Todos los nombres, n\u00fameros, s\u00edmbolos, descripciones, im\u00e1genes fotogr\u00e1ficas y copias digitales de las im\u00e1genes fotogr\u00e1ficas de los fabricantes de equipos originales se utilizan \u00fanicamente con fines de referencia.<\/p>\n<\/div>","protected":false},"excerpt":{"rendered":"<div class=\"translation-block\">\n<p>ARBOL DE ENTRADA 23 D.<\/p>\n<p>Consulte la tabla de compatibilidad para obtener m\u00e1s informaci\u00f3n.<\/p>\n<\/div>","protected":false},"featured_media":12946,"template":"","meta":[],"product_cat":[5671],"product_tag":[],"class_list":["post-12947","product","type-product","status-publish","has-post-thumbnail","hentry","product_cat-veios"],"_links":{"self":[{"href":"https:\/\/sparkes.pt\/es\/wp-json\/wp\/v2\/product\/12947","targetHints":{"allow":["GET"]}}],"collection":[{"href":"https:\/\/sparkes.pt\/es\/wp-json\/wp\/v2\/product"}],"about":[{"href":"https:\/\/sparkes.pt\/es\/wp-json\/wp\/v2\/types\/product"}],"version-history":[{"count":0,"href":"https:\/\/sparkes.pt\/es\/wp-json\/wp\/v2\/product\/12947\/revisions"}],"wp:featuredmedia":[{"embeddable":true,"href":"https:\/\/sparkes.pt\/es\/wp-json\/wp\/v2\/media\/12946"}],"wp:attachment":[{"href":"https:\/\/sparkes.pt\/es\/wp-json\/wp\/v2\/media?parent=12947"}],"wp:term":[{"taxonomy":"product_cat","embeddable":true,"href":"https:\/\/sparkes.pt\/es\/wp-json\/wp\/v2\/product_cat?post=12947"},{"taxonomy":"product_tag","embeddable":true,"href":"https:\/\/sparkes.pt\/es\/wp-json\/wp\/v2\/product_tag?post=12947"}],"curies":[{"name":"wp","href":"https:\/\/api.w.org\/{rel}","templated":true}]}}