{"id":12931,"date":"2023-05-23T15:24:17","date_gmt":"2023-05-23T15:24:17","guid":{"rendered":"https:\/\/sparkes.pt\/produto\/hub-30-45-t\/"},"modified":"2023-06-29T16:27:56","modified_gmt":"2023-06-29T15:27:56","slug":"hub-30-45-t","status":"publish","type":"product","link":"https:\/\/sparkes.pt\/es\/product\/hub-30-45-t\/","title":{"rendered":"Desplazable  3\u00aa-4\u00aa"},"content":{"rendered":"<div class=\"translation-block\">\n<p>Estas piezas no son originales sino intercambiales con las del O.E.M. Todos los nombres, n\u00fameros, s\u00edmbolos, descripciones, im\u00e1genes fotogr\u00e1ficas y copias digitales de las im\u00e1genes fotogr\u00e1ficas de los fabricantes de equipos originales se utilizan \u00fanicamente con fines de referencia.<\/p>\n<\/div>","protected":false},"excerpt":{"rendered":"<div class=\"translation-block\">\n<p>Desplazable  3\u00aa-4\u00aa  V.A.G.<\/p>\n<p>Consulte la tabla de compatibilidad para obterner m\u00e1s informaci\u00f3n.<\/p>\n<\/div>","protected":false},"featured_media":12930,"template":"","meta":[],"product_cat":[5665],"product_tag":[],"class_list":["post-12931","product","type-product","status-publish","has-post-thumbnail","hentry","product_cat-luvas"],"_links":{"self":[{"href":"https:\/\/sparkes.pt\/es\/wp-json\/wp\/v2\/product\/12931","targetHints":{"allow":["GET"]}}],"collection":[{"href":"https:\/\/sparkes.pt\/es\/wp-json\/wp\/v2\/product"}],"about":[{"href":"https:\/\/sparkes.pt\/es\/wp-json\/wp\/v2\/types\/product"}],"version-history":[{"count":0,"href":"https:\/\/sparkes.pt\/es\/wp-json\/wp\/v2\/product\/12931\/revisions"}],"wp:featuredmedia":[{"embeddable":true,"href":"https:\/\/sparkes.pt\/es\/wp-json\/wp\/v2\/media\/12930"}],"wp:attachment":[{"href":"https:\/\/sparkes.pt\/es\/wp-json\/wp\/v2\/media?parent=12931"}],"wp:term":[{"taxonomy":"product_cat","embeddable":true,"href":"https:\/\/sparkes.pt\/es\/wp-json\/wp\/v2\/product_cat?post=12931"},{"taxonomy":"product_tag","embeddable":true,"href":"https:\/\/sparkes.pt\/es\/wp-json\/wp\/v2\/product_tag?post=12931"}],"curies":[{"name":"wp","href":"https:\/\/api.w.org\/{rel}","templated":true}]}}