{"id":12841,"date":"2023-05-23T15:19:55","date_gmt":"2023-05-23T15:19:55","guid":{"rendered":"https:\/\/sparkes.pt\/produto\/gear-5th-31t\/"},"modified":"2023-06-29T16:26:11","modified_gmt":"2023-06-29T15:26:11","slug":"gear-5th-31t","status":"publish","type":"product","link":"https:\/\/sparkes.pt\/es\/product\/gear-5th-31t\/","title":{"rendered":"Pi\u00f1on 5\u00aa 31 D"},"content":{"rendered":"<div class=\"translation-block\">\n<p>Estas piezas no son originales sino intercambiales con las del O.E.M. Todos los nombres, n\u00fameros, s\u00edmbolos, descripciones, im\u00e1genes fotogr\u00e1ficas y copias digitales de las im\u00e1genes fotogr\u00e1ficas de los fabricantes de equipos originales se utilizan \u00fanicamente con fines de referencia.<\/p>\n<\/div>","protected":false},"excerpt":{"rendered":"<div class=\"translation-block\">\n<p>Pi\u00f1on 5\u00aa 31 D   RENAULT  JH3<\/p>\n<p>Consulte la tabla de compatibilidad para obterner m\u00e1s informaci\u00f3n.<\/p>\n<\/div>","protected":false},"featured_media":12840,"template":"","meta":[],"product_cat":[5659],"product_tag":[],"class_list":["post-12841","product","type-product","status-publish","has-post-thumbnail","hentry","product_cat-carretos"],"_links":{"self":[{"href":"https:\/\/sparkes.pt\/es\/wp-json\/wp\/v2\/product\/12841","targetHints":{"allow":["GET"]}}],"collection":[{"href":"https:\/\/sparkes.pt\/es\/wp-json\/wp\/v2\/product"}],"about":[{"href":"https:\/\/sparkes.pt\/es\/wp-json\/wp\/v2\/types\/product"}],"version-history":[{"count":0,"href":"https:\/\/sparkes.pt\/es\/wp-json\/wp\/v2\/product\/12841\/revisions"}],"wp:featuredmedia":[{"embeddable":true,"href":"https:\/\/sparkes.pt\/es\/wp-json\/wp\/v2\/media\/12840"}],"wp:attachment":[{"href":"https:\/\/sparkes.pt\/es\/wp-json\/wp\/v2\/media?parent=12841"}],"wp:term":[{"taxonomy":"product_cat","embeddable":true,"href":"https:\/\/sparkes.pt\/es\/wp-json\/wp\/v2\/product_cat?post=12841"},{"taxonomy":"product_tag","embeddable":true,"href":"https:\/\/sparkes.pt\/es\/wp-json\/wp\/v2\/product_tag?post=12841"}],"curies":[{"name":"wp","href":"https:\/\/api.w.org\/{rel}","templated":true}]}}