{"id":12773,"date":"2023-05-23T15:17:33","date_gmt":"2023-05-23T15:17:33","guid":{"rendered":"https:\/\/sparkes.pt\/produto\/crown-wheel-pinion-8-37\/"},"modified":"2023-06-29T16:24:24","modified_gmt":"2023-06-29T15:24:24","slug":"crown-wheel-pinion-8-37","status":"publish","type":"product","link":"https:\/\/sparkes.pt\/es\/product\/crown-wheel-pinion-8-37\/","title":{"rendered":"Crown wheel &#038; pinion, 8 \/ 37"},"content":{"rendered":"<div class=\"translation-block\">\n<p>Estas piezas no son originales sino intercambiales con las del O.E.M. Todos los nombres, n\u00fameros, s\u00edmbolos, descripciones, im\u00e1genes fotogr\u00e1ficas y copias digitales de las im\u00e1genes fotogr\u00e1ficas de los fabricantes de equipos originales se utilizan \u00fanicamente con fines de referencia.<\/p>\n<\/div>","protected":false},"excerpt":{"rendered":"<div class=\"translation-block\">\n<p>Par Conico 37:8   FORD DIFF<\/p>\n<p>Consulte la tabla de compatibilidad para obtener m\u00e1s informaci\u00f3n.<\/p>\n<\/div>","protected":false},"featured_media":12772,"template":"","meta":[],"product_cat":[5669],"product_tag":[],"class_list":["post-12773","product","type-product","status-publish","has-post-thumbnail","hentry","product_cat-roda-de-coroa"],"_links":{"self":[{"href":"https:\/\/sparkes.pt\/es\/wp-json\/wp\/v2\/product\/12773","targetHints":{"allow":["GET"]}}],"collection":[{"href":"https:\/\/sparkes.pt\/es\/wp-json\/wp\/v2\/product"}],"about":[{"href":"https:\/\/sparkes.pt\/es\/wp-json\/wp\/v2\/types\/product"}],"version-history":[{"count":0,"href":"https:\/\/sparkes.pt\/es\/wp-json\/wp\/v2\/product\/12773\/revisions"}],"wp:featuredmedia":[{"embeddable":true,"href":"https:\/\/sparkes.pt\/es\/wp-json\/wp\/v2\/media\/12772"}],"wp:attachment":[{"href":"https:\/\/sparkes.pt\/es\/wp-json\/wp\/v2\/media?parent=12773"}],"wp:term":[{"taxonomy":"product_cat","embeddable":true,"href":"https:\/\/sparkes.pt\/es\/wp-json\/wp\/v2\/product_cat?post=12773"},{"taxonomy":"product_tag","embeddable":true,"href":"https:\/\/sparkes.pt\/es\/wp-json\/wp\/v2\/product_tag?post=12773"}],"curies":[{"name":"wp","href":"https:\/\/api.w.org\/{rel}","templated":true}]}}