{"id":12717,"date":"2023-05-23T16:15:15","date_gmt":"2023-05-23T15:15:15","guid":{"rendered":"https:\/\/sparkes.pt\/produto\/carreto-5th-27th-41th\/"},"modified":"2023-06-29T16:23:24","modified_gmt":"2023-06-29T15:23:24","slug":"carreto-5th-27th-41th","status":"publish","type":"product","link":"https:\/\/sparkes.pt\/es\/product\/carreto-5th-27th-41th\/","title":{"rendered":"Engranage 5\u00aa 27 D"},"content":{"rendered":"<div class=\"translation-block\">\n<p>Estas piezas no son originales sino intercambiales con las del O.E.M. Todos los nombres, n\u00fameros, s\u00edmbolos, descripciones, im\u00e1genes fotogr\u00e1ficas y copias digitales de las im\u00e1genes fotogr\u00e1ficas de los fabricantes de equipos originales se utilizan \u00fanicamente con fines de referencia.<\/p>\n<\/div>","protected":false},"excerpt":{"rendered":"<div class=\"translation-block\">\n<p>Engranage 5\u00aa 27 D.  V.A.G<br \/>Caja de Cambio 02Z Type 5<\/p>\n<p>Consulte la tabla de compatibilidad para obtner m\u00e1s informaci\u00f3n.<\/p>\n<\/div>","protected":false},"featured_media":12716,"template":"","meta":[],"product_cat":[5659],"product_tag":[],"class_list":["post-12717","product","type-product","status-publish","has-post-thumbnail","hentry","product_cat-carretos"],"_links":{"self":[{"href":"https:\/\/sparkes.pt\/es\/wp-json\/wp\/v2\/product\/12717","targetHints":{"allow":["GET"]}}],"collection":[{"href":"https:\/\/sparkes.pt\/es\/wp-json\/wp\/v2\/product"}],"about":[{"href":"https:\/\/sparkes.pt\/es\/wp-json\/wp\/v2\/types\/product"}],"version-history":[{"count":0,"href":"https:\/\/sparkes.pt\/es\/wp-json\/wp\/v2\/product\/12717\/revisions"}],"wp:featuredmedia":[{"embeddable":true,"href":"https:\/\/sparkes.pt\/es\/wp-json\/wp\/v2\/media\/12716"}],"wp:attachment":[{"href":"https:\/\/sparkes.pt\/es\/wp-json\/wp\/v2\/media?parent=12717"}],"wp:term":[{"taxonomy":"product_cat","embeddable":true,"href":"https:\/\/sparkes.pt\/es\/wp-json\/wp\/v2\/product_cat?post=12717"},{"taxonomy":"product_tag","embeddable":true,"href":"https:\/\/sparkes.pt\/es\/wp-json\/wp\/v2\/product_tag?post=12717"}],"curies":[{"name":"wp","href":"https:\/\/api.w.org\/{rel}","templated":true}]}}