{"id":12697,"date":"2023-05-23T16:14:12","date_gmt":"2023-05-23T15:14:12","guid":{"rendered":"https:\/\/sparkes.pt\/produto\/carreto-5-25-d\/"},"modified":"2025-06-06T02:13:57","modified_gmt":"2025-06-06T01:13:57","slug":"carreto-5-25-d","status":"publish","type":"product","link":"https:\/\/sparkes.pt\/es\/product\/carreto-5-25-d\/","title":{"rendered":"Pi\u00f1on 5\u00aa 25 D."},"content":{"rendered":"<div class=\"translation-block\">\n<p>Nuestras piezas no son originales sino intercambiales con las del O.E.M. Todos los nombres, n\u00fameros, s\u00edmbolos, descripciones, im\u00e1genes fotogr\u00e1ficas y copias digitales de las im\u00e1genes fotogr\u00e1ficas de los fabricantes de equipos originales se utilizan \u00fanicamente con fines de referencia.<\/p>\n<\/div>","protected":false},"excerpt":{"rendered":"<div class=\"translation-block\">\n<p>Carreto 5\u00aa 25 D.  OPEL CAMPO<\/p>\n<p>Ver tabela de compatibilidades para obter mais informa\u00e7\u00f5es.<\/p>\n<\/div>","protected":false},"featured_media":12696,"template":"","meta":[],"product_cat":[5659],"product_tag":[],"class_list":["post-12697","product","type-product","status-publish","has-post-thumbnail","hentry","product_cat-carretos"],"_links":{"self":[{"href":"https:\/\/sparkes.pt\/es\/wp-json\/wp\/v2\/product\/12697","targetHints":{"allow":["GET"]}}],"collection":[{"href":"https:\/\/sparkes.pt\/es\/wp-json\/wp\/v2\/product"}],"about":[{"href":"https:\/\/sparkes.pt\/es\/wp-json\/wp\/v2\/types\/product"}],"version-history":[{"count":0,"href":"https:\/\/sparkes.pt\/es\/wp-json\/wp\/v2\/product\/12697\/revisions"}],"wp:featuredmedia":[{"embeddable":true,"href":"https:\/\/sparkes.pt\/es\/wp-json\/wp\/v2\/media\/12696"}],"wp:attachment":[{"href":"https:\/\/sparkes.pt\/es\/wp-json\/wp\/v2\/media?parent=12697"}],"wp:term":[{"taxonomy":"product_cat","embeddable":true,"href":"https:\/\/sparkes.pt\/es\/wp-json\/wp\/v2\/product_cat?post=12697"},{"taxonomy":"product_tag","embeddable":true,"href":"https:\/\/sparkes.pt\/es\/wp-json\/wp\/v2\/product_tag?post=12697"}],"curies":[{"name":"wp","href":"https:\/\/api.w.org\/{rel}","templated":true}]}}