{"id":12647,"date":"2023-05-23T15:11:52","date_gmt":"2023-05-23T15:11:52","guid":{"rendered":"https:\/\/sparkes.pt\/produto\/anilha-sincro\/"},"modified":"2025-02-08T02:00:53","modified_gmt":"2025-02-08T02:00:53","slug":"anilha-sincro","status":"publish","type":"product","link":"https:\/\/sparkes.pt\/es\/product\/anilha-sincro\/","title":{"rendered":"Anillo de Sincro 3\u00aa-4\u00aa"},"content":{"rendered":"<div class=\"translation-block\">\n<p>Nuestras piezas no son originales sino intercambiales con las del O.E.M. Todos los nombres, n\u00fameros, s\u00edmbolos, descripciones, im\u00e1genes fotogr\u00e1ficas y copias digitales de las im\u00e1genes fotogr\u00e1ficas de los fabricantes de equipos originales se utilizan \u00fanicamente con fines de referencia.<\/p>\n<\/div>","protected":false},"excerpt":{"rendered":"<div class=\"translation-block\">\n<p>Anillo de Sincro 3\u00aa-4\u00aa   OPEL CAMPO<br \/>Consulte la tabla de compatibilidad para obtener m\u00e1s informaci\u00f3n.<\/p>\n<\/div>","protected":false},"featured_media":12646,"template":"","meta":[],"product_cat":[5670],"product_tag":[],"class_list":["post-12647","product","type-product","status-publish","has-post-thumbnail","hentry","product_cat-sincronizadores"],"_links":{"self":[{"href":"https:\/\/sparkes.pt\/es\/wp-json\/wp\/v2\/product\/12647","targetHints":{"allow":["GET"]}}],"collection":[{"href":"https:\/\/sparkes.pt\/es\/wp-json\/wp\/v2\/product"}],"about":[{"href":"https:\/\/sparkes.pt\/es\/wp-json\/wp\/v2\/types\/product"}],"version-history":[{"count":0,"href":"https:\/\/sparkes.pt\/es\/wp-json\/wp\/v2\/product\/12647\/revisions"}],"wp:featuredmedia":[{"embeddable":true,"href":"https:\/\/sparkes.pt\/es\/wp-json\/wp\/v2\/media\/12646"}],"wp:attachment":[{"href":"https:\/\/sparkes.pt\/es\/wp-json\/wp\/v2\/media?parent=12647"}],"wp:term":[{"taxonomy":"product_cat","embeddable":true,"href":"https:\/\/sparkes.pt\/es\/wp-json\/wp\/v2\/product_cat?post=12647"},{"taxonomy":"product_tag","embeddable":true,"href":"https:\/\/sparkes.pt\/es\/wp-json\/wp\/v2\/product_tag?post=12647"}],"curies":[{"name":"wp","href":"https:\/\/api.w.org\/{rel}","templated":true}]}}