{"id":13409,"date":"2024-04-24T02:02:53","date_gmt":"2024-04-24T01:02:53","guid":{"rendered":"https:\/\/sparkes.pt\/produto\/carreto-5a-33-th-46-th\/"},"modified":"2025-10-09T02:04:06","modified_gmt":"2025-10-09T01:04:06","slug":"carreto-5a-33-th-46-th","status":"publish","type":"product","link":"https:\/\/sparkes.pt\/en\/product\/carreto-5a-33-th-46-th\/","title":{"rendered":"GEAR 5TH 33 T."},"content":{"rendered":"<div class=\"translation-block\">\n<p>Todas as pe\u00e7as s\u00e3o compat\u00edveis com O.E.M. Todos os nomes, n\u00fameros, s\u00edmbolos, descri\u00e7\u00f5es, imagens fotograficas e c\u00f3pias digitais de imagens fotogr\u00e1ficas dos fabricantes de equipamentos originais s\u00e3o usados apenas para refer\u00eancia.<\/p>\n<\/div>","protected":false},"excerpt":{"rendered":"<div class=\"translation-block\">\n<p>GEAR 5TH 33 T.   V.A.G.  02A \/ 02B<\/p>\n<p>See the compatibility table for more information.<\/p>\n<\/div>","protected":false},"featured_media":13408,"template":"","meta":[],"product_cat":[5659],"product_tag":[],"class_list":["post-13409","product","type-product","status-publish","has-post-thumbnail","hentry","product_cat-carretos"],"_links":{"self":[{"href":"https:\/\/sparkes.pt\/en\/wp-json\/wp\/v2\/product\/13409","targetHints":{"allow":["GET"]}}],"collection":[{"href":"https:\/\/sparkes.pt\/en\/wp-json\/wp\/v2\/product"}],"about":[{"href":"https:\/\/sparkes.pt\/en\/wp-json\/wp\/v2\/types\/product"}],"version-history":[{"count":0,"href":"https:\/\/sparkes.pt\/en\/wp-json\/wp\/v2\/product\/13409\/revisions"}],"wp:featuredmedia":[{"embeddable":true,"href":"https:\/\/sparkes.pt\/en\/wp-json\/wp\/v2\/media\/13408"}],"wp:attachment":[{"href":"https:\/\/sparkes.pt\/en\/wp-json\/wp\/v2\/media?parent=13409"}],"wp:term":[{"taxonomy":"product_cat","embeddable":true,"href":"https:\/\/sparkes.pt\/en\/wp-json\/wp\/v2\/product_cat?post=13409"},{"taxonomy":"product_tag","embeddable":true,"href":"https:\/\/sparkes.pt\/en\/wp-json\/wp\/v2\/product_tag?post=13409"}],"curies":[{"name":"wp","href":"https:\/\/api.w.org\/{rel}","templated":true}]}}