{"id":12923,"date":"2023-05-23T15:23:58","date_gmt":"2023-05-23T15:23:58","guid":{"rendered":"https:\/\/sparkes.pt\/produto\/gears-6th-30th-47th-35mm\/"},"modified":"2023-06-29T16:27:45","modified_gmt":"2023-06-29T15:27:45","slug":"gears-6th-30th-47th-35mm","status":"publish","type":"product","link":"https:\/\/sparkes.pt\/en\/product\/gears-6th-30th-47th-35mm\/","title":{"rendered":"KIT 6th GEAR 47X30 D=35"},"content":{"rendered":"<div class=\"translation-block\">\n<p>Todas as pe\u00e7as s\u00e3o compat\u00edveis com O.E.M. Todos os nomes, n\u00fameros, s\u00edmbolos, descri\u00e7\u00f5es, imagens fotograficas e c\u00f3pias digitais de imagens fotogr\u00e1ficas dos fabricantes de equipamentos originais s\u00e3o usados apenas para refer\u00eancia.<\/p>\n<\/div>","protected":false},"excerpt":{"rendered":"<div class=\"translation-block\">\n<p>Kit Carretos 6a 47&#215;30 D=35  Renault -Opel  PF6<\/p>\n<p>Consulte a tabela de compatibilidades para obter mais informa\u00e7\u00f5es.<\/p>\n<\/div>","protected":false},"featured_media":12922,"template":"","meta":[],"product_cat":[5659],"product_tag":[],"class_list":["post-12923","product","type-product","status-publish","has-post-thumbnail","hentry","product_cat-carretos"],"_links":{"self":[{"href":"https:\/\/sparkes.pt\/en\/wp-json\/wp\/v2\/product\/12923","targetHints":{"allow":["GET"]}}],"collection":[{"href":"https:\/\/sparkes.pt\/en\/wp-json\/wp\/v2\/product"}],"about":[{"href":"https:\/\/sparkes.pt\/en\/wp-json\/wp\/v2\/types\/product"}],"version-history":[{"count":0,"href":"https:\/\/sparkes.pt\/en\/wp-json\/wp\/v2\/product\/12923\/revisions"}],"wp:featuredmedia":[{"embeddable":true,"href":"https:\/\/sparkes.pt\/en\/wp-json\/wp\/v2\/media\/12922"}],"wp:attachment":[{"href":"https:\/\/sparkes.pt\/en\/wp-json\/wp\/v2\/media?parent=12923"}],"wp:term":[{"taxonomy":"product_cat","embeddable":true,"href":"https:\/\/sparkes.pt\/en\/wp-json\/wp\/v2\/product_cat?post=12923"},{"taxonomy":"product_tag","embeddable":true,"href":"https:\/\/sparkes.pt\/en\/wp-json\/wp\/v2\/product_tag?post=12923"}],"curies":[{"name":"wp","href":"https:\/\/api.w.org\/{rel}","templated":true}]}}