{"id":12879,"date":"2023-05-23T15:22:16","date_gmt":"2023-05-23T15:22:16","guid":{"rendered":"https:\/\/sparkes.pt\/produto\/gear-6th-32-51-t\/"},"modified":"2023-06-29T16:27:00","modified_gmt":"2023-06-29T15:27:00","slug":"gear-6th-32-51-t","status":"publish","type":"product","link":"https:\/\/sparkes.pt\/en\/product\/gear-6th-32-51-t\/","title":{"rendered":"6th Gear 32 T"},"content":{"rendered":"<div class=\"translation-block\">\n<p>Todas as pe\u00e7as s\u00e3o compat\u00edveis com O.E.M. Todos os nomes, n\u00fameros, s\u00edmbolos, descri\u00e7\u00f5es, imagens fotogr\u00e1ficas e c\u00f3pias digitais de imagens fotogr\u00e1ficas dos fabricantes de equipamentos originais sao usados apenas para refer\u00eancia.<\/p>\n<\/div>","protected":false},"excerpt":{"rendered":"<div class=\"translation-block\">\n<p>6th Gear 32 T  Citroen - Peugeot - Fiat  W6<\/p>\n<p>See the compatibility table for more information.<\/p>\n<\/div>","protected":false},"featured_media":12878,"template":"","meta":[],"product_cat":[5659],"product_tag":[],"class_list":["post-12879","product","type-product","status-publish","has-post-thumbnail","hentry","product_cat-carretos"],"_links":{"self":[{"href":"https:\/\/sparkes.pt\/en\/wp-json\/wp\/v2\/product\/12879","targetHints":{"allow":["GET"]}}],"collection":[{"href":"https:\/\/sparkes.pt\/en\/wp-json\/wp\/v2\/product"}],"about":[{"href":"https:\/\/sparkes.pt\/en\/wp-json\/wp\/v2\/types\/product"}],"version-history":[{"count":0,"href":"https:\/\/sparkes.pt\/en\/wp-json\/wp\/v2\/product\/12879\/revisions"}],"wp:featuredmedia":[{"embeddable":true,"href":"https:\/\/sparkes.pt\/en\/wp-json\/wp\/v2\/media\/12878"}],"wp:attachment":[{"href":"https:\/\/sparkes.pt\/en\/wp-json\/wp\/v2\/media?parent=12879"}],"wp:term":[{"taxonomy":"product_cat","embeddable":true,"href":"https:\/\/sparkes.pt\/en\/wp-json\/wp\/v2\/product_cat?post=12879"},{"taxonomy":"product_tag","embeddable":true,"href":"https:\/\/sparkes.pt\/en\/wp-json\/wp\/v2\/product_tag?post=12879"}],"curies":[{"name":"wp","href":"https:\/\/api.w.org\/{rel}","templated":true}]}}