{"id":123,"date":"2023-05-14T09:09:07","date_gmt":"2023-05-14T09:09:07","guid":{"rendered":"https:\/\/sparkes.pt\/?page_id=123"},"modified":"2023-11-07T12:19:38","modified_gmt":"2023-11-07T12:19:38","slug":"politica-de-privacidade","status":"publish","type":"page","link":"https:\/\/sparkes.pt\/en\/politica-de-privacidade\/","title":{"rendered":"Privacy Policy"},"content":{"rendered":"<div data-elementor-type=\"wp-page\" data-elementor-id=\"123\" class=\"elementor elementor-123\" data-elementor-post-type=\"page\">\n\t\t\t\t\t\t<section class=\"elementor-section elementor-top-section elementor-element elementor-element-6a534f1 elementor-section-boxed elementor-section-height-default elementor-section-height-default\" data-id=\"6a534f1\" data-element_type=\"section\">\n\t\t\t\t\t\t<div class=\"elementor-container elementor-column-gap-default\">\n\t\t\t\t\t<div class=\"elementor-column elementor-col-100 elementor-top-column elementor-element elementor-element-e4d0dff\" data-id=\"e4d0dff\" data-element_type=\"column\">\n\t\t\t<div class=\"elementor-widget-wrap elementor-element-populated\">\n\t\t\t\t\t\t<div class=\"elementor-element elementor-element-f9d42ed elementor-widget elementor-widget-heading\" data-id=\"f9d42ed\" data-element_type=\"widget\" data-widget_type=\"heading.default\">\n\t\t\t\t<div class=\"elementor-widget-container\">\n\t\t\t<h2 class=\"elementor-heading-title elementor-size-default\">Privacy Policy<\/h2>\t\t<\/div>\n\t\t\t\t<\/div>\n\t\t\t\t<div class=\"elementor-element elementor-element-c0b9510 elementor-widget-divider--view-line elementor-widget elementor-widget-divider\" data-id=\"c0b9510\" data-element_type=\"widget\" data-widget_type=\"divider.default\">\n\t\t\t\t<div class=\"elementor-widget-container\">\n\t\t\t\t\t<div class=\"elementor-divider\">\n\t\t\t<span class=\"elementor-divider-separator\">\n\t\t\t\t\t\t<\/span>\n\t\t<\/div>\n\t\t\t\t<\/div>\n\t\t\t\t<\/div>\n\t\t\t\t\t<\/div>\n\t\t<\/div>\n\t\t\t\t\t<\/div>\n\t\t<\/section>\n\t\t\t\t<section class=\"elementor-section elementor-top-section elementor-element elementor-element-5bdbd159 elementor-section-boxed elementor-section-height-default elementor-section-height-default\" data-id=\"5bdbd159\" data-element_type=\"section\">\n\t\t\t\t\t\t<div class=\"elementor-container elementor-column-gap-default\">\n\t\t\t\t\t<div class=\"elementor-column elementor-col-100 elementor-top-column elementor-element elementor-element-24159606\" data-id=\"24159606\" data-element_type=\"column\">\n\t\t\t<div class=\"elementor-widget-wrap elementor-element-populated\">\n\t\t\t\t\t\t<div class=\"elementor-element elementor-element-5adb3fe elementor-widget elementor-widget-text-editor\" data-id=\"5adb3fe\" data-element_type=\"widget\" data-widget_type=\"text-editor.default\">\n\t\t\t\t<div class=\"elementor-widget-container\">\n\t\t\t\t\t\t\t<p><strong>Sparkes guarantees the confidentiality of all data provided by its customers in the purchase process.&nbsp;<\/strong><\/p>\n<p>A recolha e tratamento de dados realiza-se de forma segura e que impede a sua perda ou manipula\u00e7\u00e3o. Todos os dados ser\u00e3o inseridos num Servidor Seguro (SSL de 128 bits) que os escrita\/codifica (transforma num c\u00f3digo). Poder\u00e1 verificar que o seu browser \u00e9 seguro se o s\u00edmbolo do cadeado aparecer ou se o endere\u00e7o come\u00e7a com https em vez de http. Os dados recolhidos neste site destinam-se ao processamento das encomendas e comunica\u00e7\u00e3o com os clientes, processamento de pedidos de informa\u00e7\u00e3o e de eventuais reclama\u00e7\u00f5es, an\u00e1lise estat\u00edstica, bem como a respetiva utiliza\u00e7\u00e3o para efeitos de marketing direto.&nbsp;<\/p>\n<p>A Sparkes garante a confidencialidade de todos os dados fornecidos pelos seus clientes. N\u00e3o obstante a Sparkes proceder \u00e0 recolha e ao tratamento de dados de forma segura e que impede a sua perda ou manipula\u00e7\u00e3o, utilizando as t\u00e9cnicas mais aperfei\u00e7oadas para o efeito, informamos que a recolha em rede aberta permite a circula\u00e7\u00e3o dos dados pessoais sem condi\u00e7\u00f5es de seguran\u00e7a, correndo o risco de ser vistos e utilizados por terceiros n\u00e3o autorizados. Todos os clientes t\u00eam o direito de acesso, retifica\u00e7\u00e3o, cancelamento e oposi\u00e7\u00e3o dos seus dados. Caso deseje, a qualquer momento, deixar de fazer parte da base de dados Sparkes poder\u00e1 exercer este direito atrav\u00e9s dos seguintes meios:<\/p><p><br><\/p>\n<p><span style=\"caret-color: #082c51; color: #082c51; font-size: 19px;\">\u30fbEmail: geral@sparkes.pt<br><\/span><\/p>\n<p><span style=\"caret-color: #082c51; color: #082c51; font-size: 19px;\">\u30fbCarta: Sparkes &amp; Sparkes, Lda &#8211; Rua 25 de Abril, 120 , 4825-010 Agrela&nbsp;<\/span><span style=\"caret-color: #082c51; color: #082c51; font-size: 19px;\"><br><\/span><\/p>\n<p><span style=\"caret-color: #082c51; color: #082c51; font-size: 19px;\">\u30fbTelefone: 229 685 416 &#8211; Hor\u00e1rio de Atendimento: das 9h \u00e0s 12:30h e das 14:00h \u00e0s 18:30h de segunda a sexta-feira.&nbsp;<\/span><\/p>\t\t\t\t\t\t<\/div>\n\t\t\t\t<\/div>\n\t\t\t\t<div class=\"elementor-element elementor-element-62d4d49e elementor-widget elementor-widget-spacer\" data-id=\"62d4d49e\" data-element_type=\"widget\" data-widget_type=\"spacer.default\">\n\t\t\t\t<div class=\"elementor-widget-container\">\n\t\t\t\t\t<div class=\"elementor-spacer\">\n\t\t\t<div class=\"elementor-spacer-inner\"><\/div>\n\t\t<\/div>\n\t\t\t\t<\/div>\n\t\t\t\t<\/div>\n\t\t\t\t\t<\/div>\n\t\t<\/div>\n\t\t\t\t\t<\/div>\n\t\t<\/section>\n\t\t\t\t<section class=\"elementor-section elementor-top-section elementor-element elementor-element-d9ff7b8 elementor-section-boxed elementor-section-height-default elementor-section-height-default\" data-id=\"d9ff7b8\" data-element_type=\"section\" data-settings=\"{&quot;background_background&quot;:&quot;classic&quot;}\">\n\t\t\t\t\t\t<div class=\"elementor-container elementor-column-gap-default\">\n\t\t\t\t\t<div class=\"elementor-column elementor-col-100 elementor-top-column elementor-element elementor-element-806e465\" data-id=\"806e465\" data-element_type=\"column\">\n\t\t\t<div class=\"elementor-widget-wrap elementor-element-populated\">\n\t\t\t\t\t\t<div class=\"elementor-element elementor-element-ca2fe92 elementor-nav-menu__align-center elementor-nav-menu--dropdown-tablet elementor-nav-menu__text-align-aside elementor-nav-menu--toggle elementor-nav-menu--burger elementor-widget elementor-widget-nav-menu\" data-id=\"ca2fe92\" data-element_type=\"widget\" data-settings=\"{&quot;layout&quot;:&quot;horizontal&quot;,&quot;submenu_icon&quot;:{&quot;value&quot;:&quot;&lt;i class=\\&quot;fas fa-caret-down\\&quot;&gt;&lt;\\\/i&gt;&quot;,&quot;library&quot;:&quot;fa-solid&quot;},&quot;toggle&quot;:&quot;burger&quot;}\" data-widget_type=\"nav-menu.default\">\n\t\t\t\t<div class=\"elementor-widget-container\">\n\t\t\t\t\t\t<nav aria-label=\"Menu\" class=\"elementor-nav-menu--main elementor-nav-menu__container elementor-nav-menu--layout-horizontal e--pointer-none\">\n\t\t\t\t<ul id=\"menu-1-ca2fe92\" class=\"elementor-nav-menu\"><li class=\"menu-item menu-item-type-post_type menu-item-object-page menu-item-149\"><a href=\"https:\/\/sparkes.pt\/en\/condicoes-gerais\/\" class=\"elementor-item\">General Conditions<\/a><\/li>\n<li class=\"menu-item menu-item-type-post_type menu-item-object-page menu-item-privacy-policy menu-item-150\"><a rel=\"privacy-policy\" href=\"https:\/\/sparkes.pt\/en\/politica-de-privacidade\/\" class=\"elementor-item\">Privacy Policy<\/a><\/li>\n<li class=\"menu-item menu-item-type-post_type menu-item-object-page menu-item-151\"><a href=\"https:\/\/sparkes.pt\/en\/protecao-de-dados\/\" class=\"elementor-item\">Data Protection<\/a><\/li>\n<li class=\"menu-item menu-item-type-post_type menu-item-object-page menu-item-152\"><a href=\"https:\/\/sparkes.pt\/en\/politica-de-cookies\/\" class=\"elementor-item\">Cookies Policy<\/a><\/li>\n<li class=\"menu-item menu-item-type-post_type menu-item-object-page menu-item-1043\"><a href=\"https:\/\/sparkes.pt\/en\/aviso-de-isencao-de-responsabilidade-do-site\/\" class=\"elementor-item\">Website Disclaimer<\/a><\/li>\n<li class=\"menu-item menu-item-type-post_type menu-item-object-page menu-item-6368\"><a href=\"https:\/\/sparkes.pt\/en\/termos-e-condicoes-da-newsletter\/\" class=\"elementor-item\">Newsletter Terms and Conditions<\/a><\/li>\n<\/ul>\t\t\t<\/nav>\n\t\t\t\t\t<div class=\"elementor-menu-toggle\" role=\"button\" tabindex=\"0\" aria-label=\"Menu Toggle\" aria-expanded=\"false\">\n\t\t\t<i aria-hidden=\"true\" role=\"presentation\" class=\"elementor-menu-toggle__icon--open eicon-menu-bar\"><\/i><i aria-hidden=\"true\" role=\"presentation\" class=\"elementor-menu-toggle__icon--close eicon-close\"><\/i>\t\t\t<span class=\"elementor-screen-only\">Menu<\/span>\n\t\t<\/div>\n\t\t\t\t\t<nav class=\"elementor-nav-menu--dropdown elementor-nav-menu__container\" aria-hidden=\"true\">\n\t\t\t\t<ul id=\"menu-2-ca2fe92\" class=\"elementor-nav-menu\"><li class=\"menu-item menu-item-type-post_type menu-item-object-page menu-item-149\"><a href=\"https:\/\/sparkes.pt\/en\/condicoes-gerais\/\" class=\"elementor-item\" tabindex=\"-1\">General Conditions<\/a><\/li>\n<li class=\"menu-item menu-item-type-post_type menu-item-object-page menu-item-privacy-policy menu-item-150\"><a rel=\"privacy-policy\" href=\"https:\/\/sparkes.pt\/en\/politica-de-privacidade\/\" class=\"elementor-item\" tabindex=\"-1\">Privacy Policy<\/a><\/li>\n<li class=\"menu-item menu-item-type-post_type menu-item-object-page menu-item-151\"><a href=\"https:\/\/sparkes.pt\/en\/protecao-de-dados\/\" class=\"elementor-item\" tabindex=\"-1\">Data Protection<\/a><\/li>\n<li class=\"menu-item menu-item-type-post_type menu-item-object-page menu-item-152\"><a href=\"https:\/\/sparkes.pt\/en\/politica-de-cookies\/\" class=\"elementor-item\" tabindex=\"-1\">Cookies Policy<\/a><\/li>\n<li class=\"menu-item menu-item-type-post_type menu-item-object-page menu-item-1043\"><a href=\"https:\/\/sparkes.pt\/en\/aviso-de-isencao-de-responsabilidade-do-site\/\" class=\"elementor-item\" tabindex=\"-1\">Website Disclaimer<\/a><\/li>\n<li class=\"menu-item menu-item-type-post_type menu-item-object-page menu-item-6368\"><a href=\"https:\/\/sparkes.pt\/en\/termos-e-condicoes-da-newsletter\/\" class=\"elementor-item\" tabindex=\"-1\">Newsletter Terms and Conditions<\/a><\/li>\n<\/ul>\t\t\t<\/nav>\n\t\t\t\t<\/div>\n\t\t\t\t<\/div>\n\t\t\t\t\t<\/div>\n\t\t<\/div>\n\t\t\t\t\t<\/div>\n\t\t<\/section>\n\t\t\t\t<\/div>","protected":false},"excerpt":{"rendered":"<p>Pol\u00edtica de Privacidade A Sparkes garante a confidencialidade de todos os dados fornecidos pelos seus clientes no processo de compra.&nbsp; A recolha e tratamento de dados realiza-se de forma segura e que impede a sua perda ou manipula\u00e7\u00e3o. Todos os dados ser\u00e3o inseridos num Servidor Seguro (SSL de 128 bits) que os escrita\/codifica (transforma num<\/p>\n<div class=\"klb-readmore\"><a class=\"main-btn\" href=\"https:\/\/sparkes.pt\/en\/politica-de-privacidade\/\">Read More<\/a><\/div>","protected":false},"author":544,"featured_media":0,"parent":0,"menu_order":0,"comment_status":"closed","ping_status":"closed","template":"elementor_header_footer","meta":{"footnotes":""},"class_list":["post-123","page","type-page","status-publish","hentry"],"_links":{"self":[{"href":"https:\/\/sparkes.pt\/en\/wp-json\/wp\/v2\/pages\/123","targetHints":{"allow":["GET"]}}],"collection":[{"href":"https:\/\/sparkes.pt\/en\/wp-json\/wp\/v2\/pages"}],"about":[{"href":"https:\/\/sparkes.pt\/en\/wp-json\/wp\/v2\/types\/page"}],"author":[{"embeddable":true,"href":"https:\/\/sparkes.pt\/en\/wp-json\/wp\/v2\/users\/544"}],"replies":[{"embeddable":true,"href":"https:\/\/sparkes.pt\/en\/wp-json\/wp\/v2\/comments?post=123"}],"version-history":[{"count":0,"href":"https:\/\/sparkes.pt\/en\/wp-json\/wp\/v2\/pages\/123\/revisions"}],"wp:attachment":[{"href":"https:\/\/sparkes.pt\/en\/wp-json\/wp\/v2\/media?parent=123"}],"curies":[{"name":"wp","href":"https:\/\/api.w.org\/{rel}","templated":true}]}}